{"id":2000,"date":"2015-03-19T18:11:33","date_gmt":"2015-03-19T18:11:33","guid":{"rendered":"http:\/\/demo.drfuri.com\/mrbara8\/?page_id=2000"},"modified":"2020-06-10T17:41:00","modified_gmt":"2020-06-10T15:41:00","slug":"condizioni-di-acquisto","status":"publish","type":"page","link":"https:\/\/www.texia.eu\/en\/condizioni-di-acquisto\/","title":{"rendered":"Condizioni di acquisto"},"content":{"rendered":"<div class=\"vc_row wpb_row vc_row-fluid\"><div class=\"container\"><div class=\"row\"><div class=\"wpb_column vc_column_container vc_col-sm-12\"><div class=\"vc_column-inner\"><div class=\"wpb_wrapper\"><div id=\"1464939184208-3761b6d5-e09b\" class=\"vc_toggle vc_toggle_text_only vc_toggle_color_default  vc_toggle_size_lg vc_toggle_active\"><div class=\"vc_toggle_title\"><h4><\/h4><i class=\"vc_toggle_icon\"><\/i><\/div><div class=\"vc_toggle_content\"><p>L\u2019azienda Texia Srl \u00e8 proprietaria del sito www.texia.eu<\/p>\n<p>Ogni ordine effettuato di un prodotto presente nel negozio online del sito www.texia.eu suppone la consultazione e l\u2019accettazione prima di tutto delle presenti condizioni generali di vendita. Il clic di validazione dell\u2019ordine implica una piena accettazione di queste condizioni. Questo clic ha valore di \u201cfirma elettronica\u201d.<\/p>\n<\/div><\/div><div  class=\"vc_toggle vc_toggle_text_only vc_toggle_color_default  vc_toggle_size_lg vc_toggle_active\"><div class=\"vc_toggle_title\"><h4>Oggetto<\/h4><i class=\"vc_toggle_icon\"><\/i><\/div><div class=\"vc_toggle_content\"><p>Le presenti condizioni generali di vendita hanno per funzione di definire i diritti e gli obblighi delle parti nel campo della vendita online di beni proposti dal VENDITORE al consumatore.<\/p>\n<\/div><\/div><div class=\"vc_empty_space\"   style=\"height: 32px\"><span class=\"vc_empty_space_inner\"><\/span><\/div><div id=\"1466409091591-468ec8ec-870d\" class=\"vc_toggle vc_toggle_text_only vc_toggle_color_default  vc_toggle_size_lg vc_toggle_active\"><div class=\"vc_toggle_title\"><h4>Conferma dell\u2019ordine<\/h4><i class=\"vc_toggle_icon\"><\/i><\/div><div class=\"vc_toggle_content\"><p>Le informazioni contrattuali faranno l\u2019oggetto di una conferma via email all\u2019indirizzo indicato dal consumatore all\u2019interno del buono d\u2019ordine.<\/p>\n<p>Prova della transazione I registri informatizzati, salvati nei sistemi informatici www.texia.eu in condizioni ragionevoli di sicurezza sono considerati come delle prove di comunicazioni, degli ordini e dei pagamenti intervenuti tra le parti.<\/p>\n<p>L\u2019archivio dei buoni d\u2019ordini e delle fatture \u00e8 effettuato su un supporto affidabile e durevole che puo\u2019 essere fornito come prova.<\/p>\n<\/div><\/div><div class=\"vc_empty_space\"   style=\"height: 32px\"><span class=\"vc_empty_space_inner\"><\/span><\/div><div id=\"1470367649702-23bf6af3-fbeb\" class=\"vc_toggle vc_toggle_text_only vc_toggle_color_default  vc_toggle_size_lg vc_toggle_active\"><div class=\"vc_toggle_title\"><h4>Informazioni sui prodotti<\/h4><i class=\"vc_toggle_icon\"><\/i><\/div><div class=\"vc_toggle_content\"><p>Tutti i sforzi sono stati fatti per assicurarsi dell\u2019 esattezza delle informazioni presentate sul SITO VENDITORE. IL VENDITORE o i suoi fornitori non sono pertanto responsabili delle conseguenze, incidenti, danni speciali che risultano delle trasmissioni elettroniche o dell\u2019esattezza dell\u2019informazione trasmessa anche nel caso in cui il VENDITORE abbia avuto conoscenza della possiblit\u00e0 di simili danni. I nomi e le marche di prodotti o e dei fabbricanti sono usati solo in un scopo d\u2019identificazione. Le foto, descrizioni e prezzi dei prodotti non sono contrattuali.<\/p>\n<\/div><\/div><div class=\"vc_empty_space\"   style=\"height: 32px\"><span class=\"vc_empty_space_inner\"><\/span><\/div><div id=\"1470367677196-ffb46dd4-f744\" class=\"vc_toggle vc_toggle_text_only vc_toggle_color_default  vc_toggle_size_lg vc_toggle_active\"><div class=\"vc_toggle_title\"><h4>Modalit\u00e0 di consegna<\/h4><i class=\"vc_toggle_icon\"><\/i><\/div><div class=\"vc_toggle_content\"><p>I prodotti sono consegnati all\u2019indirizzo indicato dal consumatore sul buono d \u2018ordine e solo nelle zone geografiche che trattiamo.<\/p>\n<p>Tutti i prodotti lasciano il nostro magazzino in un stato perfetto. Il cliente deve segnalare al trasportatore (o al postino) ogni piccola traccia d\u2019urto (Buchi, tracce di schiacciature, ecc..) sul pacco, e in questo caso rifiutare il pacco. Lo scambio di ogni prodotto dichiarato, a posteriori, sciupato durante il trasporto, senza che nessuna riserva sia stata espressa alla ricezione del pacco, non potr\u00e0 essere trattato.<\/p>\n<p>Come in qualsiasi spedizione, \u00e8 possibile subire un ritardo o che il prodotto venga perso. In tale caso, contattiamo il trasportatore per iniziare un inchiesta. Effettueremo tutti gli sforzi, con tutto il tempo necessario, per ritrovare questo pacco. In questo caso, il commerciante sar\u00e0 rimborsato dal trasportatore e consegner\u00e0 un nuovo pacco identico.<\/p>\n<p>Decliniamo ogni responsabilit\u00e0 per l\u2019allungamento dei termini di consegna dal fatto del trasportatore, specialmente nei casi di perdita dei prodotti, d\u2019intemperie o di sciopero. Problema di consegna da parte del trasportatore.<\/p>\n<p>Ogni anomalia che riguarda la consegna (avaria, prodotto mancante in confronto al buono di consegna, pacco daneggiato, prodotti rotti\u2026) dovr\u00e0 imperativamente essere indicata sul buono di consegna sotto forma di \u201criserva manoscritta\u201d, accompagnata dalla firma del cliente.<\/p>\n<p>Il consumatore dovr\u00e0 parallelamente confermare quest\u2019 anomalia indirizzando al trasportatore nel termine dei (2) due giorni feriali dopo la data di consegna una lettera raccomandata con avviso di ricevimento esponendo il reclamo. Il consumatore dovr\u00e0 trasmettere una copia di questa posta all\u2019INDIRIZZO DEL VENDITORE. Senza questa constatazione, non procediamo al cambio.<\/p>\n<\/div><\/div><div  class=\"vc_toggle vc_toggle_text_only vc_toggle_color_default  vc_toggle_size_lg vc_toggle_active\"><div class=\"vc_toggle_title\"><h4>Errori di consegna<\/h4><i class=\"vc_toggle_icon\"><\/i><\/div><div class=\"vc_toggle_content\"><p>Il consumatore dovr\u00e0 formulare presso il VENDITORE, il giorno stesso della consegna o al pi\u00f9 tardi il primo giorno feriale che segue la consegna, ogni reclamo d\u2019errore di consegna e\/o di non-conformit\u00e0 dei prodotti in natura o in qualit\u00e0 in confronto alle indicazioni che figurano sul buono d\u2019ordine. Aldil\u00e0 di questo termine, ogni reclamo sar\u00e0 rifiutato.<\/p>\n<p>La formulazione di questo reclamo presso il VENDITORE potr\u00e0 essere fatta all\u2019INDIRIZZO DEL VENDITORE. Ogni reclamo non effettuato nelle regole definite qui sopra e nei termini definiti non potr\u00e0 essere presa in considerazione e priver\u00e0 il VENDITORE di ogni responsabilit\u00e0 di fronte al consumatore. In caso di errore di consegna o di cambio, ogni prodotto da cambiare o rimborsare dovr\u00e0 essere rimandato al VENDITORE nel suo insieme e nel suo imballaggio di origine, in uno stato perfetto, all\u2019INDIRIZZO DEL VENDITORE.<\/p>\n<p>Per essere accettato, ogni rinvio dovr\u00e0 essere segnalato e avere prima di tutto l\u2019accordo del VENDITORE, che in caso di accordo rispedir\u00e0 il pacco all\u2019indirizzo giusto. Le spese di spedizione sono al carico del CONSUMATORE.<\/p>\n<\/div><\/div><div  class=\"vc_toggle vc_toggle_text_only vc_toggle_color_default  vc_toggle_size_lg vc_toggle_active\"><div class=\"vc_toggle_title\"><h4>Garanzia dei prodotti<\/h4><i class=\"vc_toggle_icon\"><\/i><\/div><div class=\"vc_toggle_content\"><p>Le presenti disposizioni non possono privare il consumatore della garanzia legale che obbliga il venditore professionale a garantirlo contro tutte le conseguenze di vizi nascosti della cosa venduta.<\/p>\n<p>La durata di garanzia \u00e8 di un anno (1 anno). Sono esclusi di questa garanzia tutti i prodotti modificati dal cliente.<\/p>\n<\/div><\/div><div  class=\"vc_toggle vc_toggle_text_only vc_toggle_color_default  vc_toggle_size_lg vc_toggle_active\"><div class=\"vc_toggle_title\"><h4>Diritto di recesso<\/h4><i class=\"vc_toggle_icon\"><\/i><\/div><div class=\"vc_toggle_content\"><p>Il diritto di recesso si applica solo alle persone fisiche.<\/p>\n<p>In conformit\u00e0 con gli articoli L. 120-20, il consumatore dispone di un termine di sette (7) giorni calendari per rinviare, a spese sue, i prodotti che non lo soddisfano. Questo termine corre a partire della ricezione dell\u2019ordine del consumatore. Ogni rinvio potr\u00e0 essere segnalato prima di tutto al servizio cliente del VENDITORE. Il prodotto dovr\u00e0 essere rinviato all\u2019INDIRIZZO DEL VENDITORE.<\/p>\n<p>I prodotti non dovranno essere aperti e consumati, in modo che il consumatore possa beneficiare del diritto di recesso.<\/p>\n<p>Saranno ammessi solo i prodotti rinviati nel loro insieme, nel loro imballaggio d\u2019origine completo e intatto, e in un perfetto stato di rivendita. Ogni prodotto che sar\u00e0 danneggiato, o di cui l\u2019imballaggio d\u2019origine sar\u00e0 deteriorato, non sar\u00e0 n\u00e9 rimborsato, n\u00e9 cambiato. Questo diritto di recesso si esercita senza penalit\u00e0, all\u2019infuori delle spese di spedizione e di rinvio. Nell\u2019ipotesi dell\u2019esercizio del diritto di recesso, il consumatore ha la scelta di chiedere o il rimborso delle somme versate, o il cambio del prodotto. Nel caso di un cambio, la rispedizione sar\u00e0 a spese del consumatore.<\/p>\n<p>In caso d\u2019esercizio del diritto di recesso, il VENDITORE far\u00e0 tutti i sforzi per rimborsare il consumatore in un termine di trenta giorni.<\/p>\n<\/div><\/div><div  class=\"vc_toggle vc_toggle_text_only vc_toggle_color_default  vc_toggle_size_lg vc_toggle_active\"><div class=\"vc_toggle_title\"><h4>Diritti d\u2019utilizzo<\/h4><i class=\"vc_toggle_icon\"><\/i><\/div><div class=\"vc_toggle_content\"><p>L\u2019utilizzo delle marche presenti sul sito \u00e8 strettamente proibita.<\/p>\n<\/div><\/div><div  class=\"vc_toggle vc_toggle_text_only vc_toggle_color_default  vc_toggle_size_lg vc_toggle_active\"><div class=\"vc_toggle_title\"><h4>Forza maggiore<\/h4><i class=\"vc_toggle_icon\"><\/i><\/div><div class=\"vc_toggle_content\"><p>Nessuna delle parte avr\u00e0 fallito ai suoi obblighi contrattuali, nella misura in cui la loro esecuzione sar\u00e0 ritardata o impedita da un caso fortuito di forza maggiore. Sar\u00e0 considerata come un caso di forza maggiore ogni fatto o circostanza irresistibile, esteriore alle parti, imprevedibile, inevitabile, indipendente dalla volont\u00e0 delle parti e che non potr\u00e0 essere impedita da quest\u2019ultimi, malgrado tutti i sforzi ragionevolmente possibili.<\/p>\n<p>La parte toccata da tale circostanze ne avviser\u00e0 l\u2019altra nei dieci giorni feriali che seguono la data alla quale ne avr\u00e0 avuto conoscenza.<\/p>\n<p>A questo punto, le due parti si informeranno, in un termine di tre mesi, riguardo l\u2019impossibilit\u00e0 dovuta al caso di forza maggiore, per esaminare l\u2019incidenza dell\u2019evento e convenire di condizioni nelle quale l\u2019esecuzione del contratto sar\u00e0 proseguita. Se il caso di forza maggiore ha una durata superiore a una durata di un mese, le presenti condizioni generali potranno essere rescinde dalla parte sfavorita.<\/p>\n<p>Ad esempio sono considerate come caso di forza maggiore o casi fortuiti, oltre a quelli ritenuti abitualmente dalla giurisprudenza dei corsi e tribunali italiani: il blocco dei mezzi di trasporto, terremoti, incendi, tempeste, alluvioni, il blocco delle reti di telecomunicazione o difficolt\u00e0 propria alle reti di telecomunicazione esterne ai clienti.<\/p>\n<\/div><\/div><div  class=\"vc_toggle vc_toggle_text_only vc_toggle_color_default  vc_toggle_size_lg vc_toggle_active\"><div class=\"vc_toggle_title\"><h4>Protezione dei dati personali<\/h4><i class=\"vc_toggle_icon\"><\/i><\/div><div class=\"vc_toggle_content\"><p>Tutti i dati che ci fornite lo sono per potere trattare i vostri ordini.<\/p>\n<p>In conformit\u00e0 con il Decreto Legislativo del 30 giugno 2003, n. 196, relativo alla protezione dei dati personali, dispone presso il VENDITORE di un diritto di rettifica, di consultazione, di modifica e di eliminazione dei dati che ci ha comunicato. Questo diritto pu\u00f2 anche essere utilizzato online.<\/p>\n<\/div><\/div><div  class=\"vc_toggle vc_toggle_text_only vc_toggle_color_default  vc_toggle_size_lg vc_toggle_active\"><div class=\"vc_toggle_title\"><h4>Dispute<\/h4><i class=\"vc_toggle_icon\"><\/i><\/div><div class=\"vc_toggle_content\"><p>Ogni ordine effettuato tramite il SITO VENDITORE implica l\u2019adesione del cliente, e questo senza nessuna restrizione, alle condizioni generali del VENDITORE.<\/p>\n<p>Ogni litigio relativo alla vendita (prezzo, prodotti\u2026) sar\u00e0 sottomesso al diritto italiano davanti al Foro di Torino.<\/p>\n<\/div><\/div><\/div><\/div><\/div><\/div><\/div><\/div>","protected":false},"excerpt":{"rendered":"L\u2019azienda Texia Srl \u00e8 proprietaria del sito www.texia.eu Ogni ordine effettuato di un prodotto presente nel negozio online del sito www.texia.eu suppone la consultazione e l\u2019accettazione prima di tutto delle&hellip;","protected":false},"author":1,"featured_media":0,"parent":0,"menu_order":0,"comment_status":"closed","ping_status":"closed","template":"template-full-width.php","meta":[],"aioseo_notices":[],"acf":[],"_links":{"self":[{"href":"https:\/\/www.texia.eu\/en\/wp-json\/wp\/v2\/pages\/2000"}],"collection":[{"href":"https:\/\/www.texia.eu\/en\/wp-json\/wp\/v2\/pages"}],"about":[{"href":"https:\/\/www.texia.eu\/en\/wp-json\/wp\/v2\/types\/page"}],"author":[{"embeddable":true,"href":"https:\/\/www.texia.eu\/en\/wp-json\/wp\/v2\/users\/1"}],"replies":[{"embeddable":true,"href":"https:\/\/www.texia.eu\/en\/wp-json\/wp\/v2\/comments?post=2000"}],"version-history":[{"count":6,"href":"https:\/\/www.texia.eu\/en\/wp-json\/wp\/v2\/pages\/2000\/revisions"}],"predecessor-version":[{"id":9505,"href":"https:\/\/www.texia.eu\/en\/wp-json\/wp\/v2\/pages\/2000\/revisions\/9505"}],"wp:attachment":[{"href":"https:\/\/www.texia.eu\/en\/wp-json\/wp\/v2\/media?parent=2000"}],"curies":[{"name":"wp","href":"https:\/\/api.w.org\/{rel}","templated":true}]}}