{"id":2006,"date":"2015-03-19T18:13:03","date_gmt":"2015-03-19T18:13:03","guid":{"rendered":"http:\/\/demo.drfuri.com\/mrbara8\/?page_id=2006"},"modified":"2020-11-23T17:16:11","modified_gmt":"2020-11-23T16:16:11","slug":"faqs","status":"publish","type":"page","link":"https:\/\/www.texia.eu\/en\/faqs\/","title":{"rendered":"FAQ"},"content":{"rendered":"<div class=\"vc_row wpb_row vc_row-fluid\"><div class=\"container\"><div class=\"row\"><div class=\"wpb_column vc_column_container vc_col-sm-12\"><div class=\"vc_column-inner\"><div class=\"wpb_wrapper\"><div class=\"mrbara-heading    vc_custom_1605875682983 text-small heading-style6\"><div class=\"row\"><div class=\"col-md-1 col-sm-1 col-xs-2 col-xs-offset-1 col-md-offset-1 col-sm-offset-1 col-left\"><div class=\"mr-vertical-line\" ><\/div><\/div><div class=\"col-md-8 col-sm-8 col-xs-8 col-xs-offset-1 col-md-offset-2 col-sm-offset-2 col-right\"><div class=\"title\" style=\"font-size:18px\"><p><span class=\"primary-color\">INFORMAZIONI SULLA CONSEGNA<\/span><\/p>\n<\/div><\/div><\/div><\/div><\/div><\/div><\/div><\/div><\/div><\/div><div class=\"vc_row wpb_row vc_row-fluid\"><div class=\"container\"><div class=\"row\"><div class=\"wpb_column vc_column_container vc_col-sm-2\"><div class=\"vc_column-inner\"><div class=\"wpb_wrapper\"><\/div><\/div><\/div><div class=\"wpb_column vc_column_container vc_col-sm-8\"><div class=\"vc_column-inner\"><div class=\"wpb_wrapper\"><div class=\"vc_empty_space\"   style=\"height: 32px\"><span class=\"vc_empty_space_inner\"><\/span><\/div><div id=\"1464939184208-3761b6d5-e09b\" class=\"vc_toggle vc_toggle_text_only vc_toggle_color_default  vc_toggle_size_lg vc_toggle_active\"><div class=\"vc_toggle_title\"><h4>Modalit\u00e0 per la consegna<\/h4><i class=\"vc_toggle_icon\"><\/i><\/div><div class=\"vc_toggle_content\"><p>Le consegne vengono effetuate dal corriere GLS, uno dei leader nel settore che gestisce le consegne in tutta Europa.<br \/>\nSe gli ordini vengono effettuati <strong>prima delle 11 del mattino<\/strong>, la vostra consegna potr\u00e0 arrivare<strong> in 24 ore<\/strong> per le <strong>grandi citt\u00e0<\/strong>.<br \/>\nPer le <strong>isole<\/strong> e il <strong>sud dell&#8217;Italia<\/strong> la consegna avverr\u00e0 in<strong> 48 ore.<\/strong><\/p>\n<p><img loading=\"lazy\" class=\"alignnone size-full wp-image-9993\" src=\"\/wp-content\/uploads\/2020\/11\/gls_consegna_italia.png\" alt=\"GLS Consegna Italia\" width=\"171\" height=\"48\" srcset=\"https:\/\/www.texia.eu\/wp-content\/uploads\/2020\/11\/gls_consegna_italia.png 171w, https:\/\/www.texia.eu\/wp-content\/uploads\/2020\/11\/gls_consegna_italia-16x4.png 16w\" sizes=\"(max-width: 171px) 100vw, 171px\" \/><\/p>\n<\/div><\/div><div class=\"vc_empty_space\"   style=\"height: 32px\"><span class=\"vc_empty_space_inner\"><\/span><\/div><\/div><\/div><\/div><div class=\"wpb_column vc_column_container vc_col-sm-2\"><div class=\"vc_column-inner\"><div class=\"wpb_wrapper\"><\/div><\/div><\/div><\/div><\/div><\/div><div class=\"vc_row wpb_row vc_row-fluid vc_custom_1466410058775\"><div class=\"container\"><div class=\"row\"><div class=\"wpb_column vc_column_container vc_col-sm-12\"><div class=\"vc_column-inner\"><div class=\"wpb_wrapper\"><div class=\"mrbara-heading    vc_custom_1605881008125 text-small heading-style6\"><div class=\"row\"><div class=\"col-md-1 col-sm-1 col-xs-2 col-xs-offset-1 col-md-offset-1 col-sm-offset-1 col-left\"><div class=\"mr-vertical-line\" ><\/div><\/div><div class=\"col-md-8 col-sm-8 col-xs-8 col-xs-offset-1 col-md-offset-2 col-sm-offset-2 col-right\"><div class=\"title\" style=\"font-size:18px\"><p><span class=\"primary-color\">INFORMAZIONI PER IL PAGAMENTO<\/span><\/p>\n<\/div><\/div><\/div><\/div><\/div><\/div><\/div><\/div><\/div><\/div><div class=\"vc_row wpb_row vc_row-fluid\"><div class=\"container\"><div class=\"row\"><div class=\"wpb_column vc_column_container vc_col-sm-2\"><div class=\"vc_column-inner\"><div class=\"wpb_wrapper\"><\/div><\/div><\/div><div class=\"wpb_column vc_column_container vc_col-sm-8\"><div class=\"vc_column-inner\"><div class=\"wpb_wrapper\"><div class=\"vc_empty_space\"   style=\"height: 32px\"><span class=\"vc_empty_space_inner\"><\/span><\/div><div id=\"1466409359126-253f0267-e56e\" class=\"vc_toggle vc_toggle_text_only vc_toggle_color_default  vc_toggle_size_lg vc_toggle_active\"><div class=\"vc_toggle_title\"><h4>Pagamenti accettati?<\/h4><i class=\"vc_toggle_icon\"><\/i><\/div><div class=\"vc_toggle_content\"><p>Texia &#8211; Innovazione dermatologica &#8211; accetta i metodi di pagamenti diffusi nel mondo e in Italia.<\/p>\n<p><img loading=\"lazy\" class=\"alignleft wp-image-9955 size-medium\" src=\"\/wp-content\/uploads\/2020\/11\/icone_pagamento_ecommerce-300x58.png\" alt=\"\" width=\"300\" height=\"58\" srcset=\"https:\/\/www.texia.eu\/wp-content\/uploads\/2020\/11\/icone_pagamento_ecommerce-300x58.png 300w, https:\/\/www.texia.eu\/wp-content\/uploads\/2020\/11\/icone_pagamento_ecommerce-700x135.png 700w, https:\/\/www.texia.eu\/wp-content\/uploads\/2020\/11\/icone_pagamento_ecommerce-1024x197.png 1024w, https:\/\/www.texia.eu\/wp-content\/uploads\/2020\/11\/icone_pagamento_ecommerce-768x148.png 768w, https:\/\/www.texia.eu\/wp-content\/uploads\/2020\/11\/icone_pagamento_ecommerce-1170x231.png 1170w, https:\/\/www.texia.eu\/wp-content\/uploads\/2020\/11\/icone_pagamento_ecommerce-16x3.png 16w, https:\/\/www.texia.eu\/wp-content\/uploads\/2020\/11\/icone_pagamento_ecommerce.png 1200w\" sizes=\"(max-width: 300px) 100vw, 300px\" \/><\/p>\n<\/div><\/div><div class=\"vc_empty_space\"   style=\"height: 32px\"><span class=\"vc_empty_space_inner\"><\/span><\/div><\/div><\/div><\/div><div class=\"wpb_column vc_column_container vc_col-sm-2\"><div class=\"vc_column-inner\"><div class=\"wpb_wrapper\"><\/div><\/div><\/div><\/div><\/div><\/div><div class=\"vc_row wpb_row vc_row-fluid vc_custom_1466410066839\"><div class=\"container\"><div class=\"row\"><div class=\"wpb_column vc_column_container vc_col-sm-12\"><div class=\"vc_column-inner\"><div class=\"wpb_wrapper\"><div class=\"mrbara-heading    vc_custom_1605881169234 text-small heading-style6\"><div class=\"row\"><div class=\"col-md-1 col-sm-1 col-xs-2 col-xs-offset-1 col-md-offset-1 col-sm-offset-1 col-left\"><div class=\"mr-vertical-line\" ><\/div><\/div><div class=\"col-md-8 col-sm-8 col-xs-8 col-xs-offset-1 col-md-offset-2 col-sm-offset-2 col-right\"><div class=\"title\" style=\"font-size:18px\"><p><span class=\"primary-color\">ORDINI E RESI<\/span><\/p>\n<\/div><\/div><\/div><\/div><\/div><\/div><\/div><\/div><\/div><\/div><div class=\"vc_row wpb_row vc_row-fluid\"><div class=\"container\"><div class=\"row\"><div class=\"wpb_column vc_column_container vc_col-sm-2\"><div class=\"vc_column-inner\"><div class=\"wpb_wrapper\"><\/div><\/div><\/div><div class=\"wpb_column vc_column_container vc_col-sm-8\"><div class=\"vc_column-inner\"><div class=\"wpb_wrapper\"><div class=\"vc_empty_space\"   style=\"height: 32px\"><span class=\"vc_empty_space_inner\"><\/span><\/div><div id=\"1466409520017-9cdf4f40-1da6\" class=\"vc_toggle vc_toggle_text_only vc_toggle_color_default  vc_toggle_size_lg vc_toggle_active\"><div class=\"vc_toggle_title\"><h4>Come posso ordinare un prodotto?<\/h4><i class=\"vc_toggle_icon\"><\/i><\/div><div class=\"vc_toggle_content\"><p>Texia permette di acquistare i suoi prodotti direttamente\u00a0 sul negozio online. Baster\u00e0 cercare il o i prodotti desiderati e cliccare sulla voce <strong>&#8220;Compra<\/strong>&#8220;. Una volta cliccata questa voce, potr\u00e0 subito cliccare su &#8220;<strong>Visualizza carrello<\/strong>&#8221; o consultare i prodotti inseriti nel carrello, cliccando sull&#8217;<strong>icona del cestino<\/strong> in alto a destra.<\/p>\n<\/div><\/div><div class=\"vc_empty_space\"   style=\"height: 32px\"><span class=\"vc_empty_space_inner\"><\/span><\/div><div id=\"1466409520110-973b85c2-56dd\" class=\"vc_toggle vc_toggle_text_only vc_toggle_color_default  vc_toggle_size_lg vc_toggle_active\"><div class=\"vc_toggle_title\"><h4>Posso annullare un mio acquisto o cambiarlo?<\/h4><i class=\"vc_toggle_icon\"><\/i><\/div><div class=\"vc_toggle_content\"><p>Testo&#8230;<\/p>\n<\/div><\/div><div class=\"vc_empty_space\"   style=\"height: 32px\"><span class=\"vc_empty_space_inner\"><\/span><\/div><div id=\"1466409737645-6f7047d3-b7ea\" class=\"vc_toggle vc_toggle_text_only vc_toggle_color_default  vc_toggle_size_lg vc_toggle_active\"><div class=\"vc_toggle_title\"><h4>Bisogna essere registrati per effettuare un ordine?<\/h4><i class=\"vc_toggle_icon\"><\/i><\/div><div class=\"vc_toggle_content\"><p>Testo &#8230;<\/p>\n<\/div><\/div><div class=\"vc_empty_space\"   style=\"height: 32px\"><span class=\"vc_empty_space_inner\"><\/span><\/div><div id=\"1466409764564-5b50f205-396a\" class=\"vc_toggle vc_toggle_text_only vc_toggle_color_default  vc_toggle_size_lg vc_toggle_active\"><div class=\"vc_toggle_title\"><h4>Come funzionano i resi?<\/h4><i class=\"vc_toggle_icon\"><\/i><\/div><div class=\"vc_toggle_content\"><p>Il <strong>diritto di recesso<\/strong> si applica solo alle persone fisiche.<br \/>\nIn conformit\u00e0 con gli articoli L. 120-20, il consumatore dispone di un termine di <strong>sette (7) giorni<\/strong> calendari per rinviare, a spese sue, i prodotti che non lo soddisfano. Questo termine corre a partire della ricezione dell\u2019ordine del consumatore. Ogni rinvio potr\u00e0 essere segnalato prima di tutto al servizio cliente del VENDITORE. Il prodotto dovr\u00e0 essere rinviato all\u2019INDIRIZZO DEL VENDITORE.<\/p>\n<p>I prodotti non dovranno essere aperti e consumati, in modo che il consumatore possa beneficiare del diritto di recesso.<\/p>\n<p>Saranno ammessi solo i prodotti rinviati nel loro insieme, nel loro imballaggio d\u2019origine completo e intatto, e in un perfetto stato di rivendita. Ogni prodotto che sar\u00e0 danneggiato, o di cui l\u2019imballaggio d\u2019origine sar\u00e0 deteriorato, non sar\u00e0 n\u00e9 rimborsato, n\u00e9 cambiato. Questo diritto di recesso si esercita senza penalit\u00e0, all\u2019infuori delle spese di spedizione e di rinvio. Nell\u2019ipotesi dell\u2019esercizio del diritto di recesso, il consumatore ha la scelta di chiedere o il rimborso delle somme versate, o il cambio del prodotto. Nel caso di un cambio, la rispedizione sar\u00e0 a spese del consumatore.<\/p>\n<p>In caso d\u2019esercizio del diritto di recesso, il VENDITORE far\u00e0 tutti i sforzi per rimborsare il consumatore in un termine di trenta giorni.<\/p>\n<\/div><\/div><\/div><\/div><\/div><div class=\"wpb_column vc_column_container vc_col-sm-2\"><div class=\"vc_column-inner\"><div class=\"wpb_wrapper\"><\/div><\/div><\/div><\/div><\/div><\/div><div class=\"vc_row wpb_row vc_row-fluid vc_custom_1468810483158 vc_row-has-fill\"><div class=\"container\"><div class=\"row\"><div class=\"wpb_column vc_column_container vc_col-sm-12\"><div class=\"vc_column-inner\"><div class=\"wpb_wrapper\"><div class=\"mrbara-cta\">\r\n\t\t\t\t<div class=\"container\">\r\n\t                <div class=\"row\">\r\n\t                    <div class=\"col-md-12 col-sm-12 col-xs-12\">\r\n\t                    \t<div class=\"cta-content\">\r\n\t                    \t \t<span class=\"cta-title\">Hai bisogno di una mano?<\/span><a class=\"link cta-btn\" href=\"\/en\/contatti\/\" target=\" _blank\">Contattaci<\/a>\r\n\t\t\t\t\t\t\t<\/div>\r\n\t                    <\/div>\r\n\t                <\/div>\r\n\t            <\/div>\r\n\t\t\t<\/div><\/div><\/div><\/div><\/div><\/div><\/div>","protected":false},"excerpt":{"rendered":"INFORMAZIONI SULLA CONSEGNA Modalit\u00e0 per la consegnaLe consegne vengono effetuate dal corriere GLS, uno dei leader nel settore che gestisce le consegne in tutta Europa. Se gli ordini vengono effettuati&hellip;","protected":false},"author":1,"featured_media":0,"parent":0,"menu_order":0,"comment_status":"closed","ping_status":"open","template":"template-full-width.php","meta":[],"aioseo_notices":[],"acf":[],"_links":{"self":[{"href":"https:\/\/www.texia.eu\/en\/wp-json\/wp\/v2\/pages\/2006"}],"collection":[{"href":"https:\/\/www.texia.eu\/en\/wp-json\/wp\/v2\/pages"}],"about":[{"href":"https:\/\/www.texia.eu\/en\/wp-json\/wp\/v2\/types\/page"}],"author":[{"embeddable":true,"href":"https:\/\/www.texia.eu\/en\/wp-json\/wp\/v2\/users\/1"}],"replies":[{"embeddable":true,"href":"https:\/\/www.texia.eu\/en\/wp-json\/wp\/v2\/comments?post=2006"}],"version-history":[{"count":9,"href":"https:\/\/www.texia.eu\/en\/wp-json\/wp\/v2\/pages\/2006\/revisions"}],"predecessor-version":[{"id":9995,"href":"https:\/\/www.texia.eu\/en\/wp-json\/wp\/v2\/pages\/2006\/revisions\/9995"}],"wp:attachment":[{"href":"https:\/\/www.texia.eu\/en\/wp-json\/wp\/v2\/media?parent=2006"}],"curies":[{"name":"wp","href":"https:\/\/api.w.org\/{rel}","templated":true}]}}