{"id":3,"date":"2020-05-27T11:55:56","date_gmt":"2020-05-27T09:55:56","guid":{"rendered":"http:\/\/localhost\/projects\/iostoacasa\/?page_id=3"},"modified":"2025-02-19T11:10:44","modified_gmt":"2025-02-19T10:10:44","slug":"privacy-policy","status":"publish","type":"page","link":"https:\/\/www.texia.eu\/en\/privacy-policy\/","title":{"rendered":"Informativa estesa Privacy"},"content":{"rendered":"<div class=\"vc_row wpb_row vc_row-fluid\"><div class=\"container\"><div class=\"row\"><div class=\"wpb_column vc_column_container vc_col-sm-12\"><div class=\"vc_column-inner\"><div class=\"wpb_wrapper\">\n\t<div class=\"wpb_text_column wpb_content_element\" >\n\t\t<div class=\"wpb_wrapper\">\n\t\t\t<p>Il titolare del trattamento dei dati \u00e8: <strong>Texia Srl \u2013 Sede legale: via Filadelfia \u2013 Torino (Italia)<\/strong><\/p>\n<p><!-- \/wp:paragraph --><br \/><!-- wp:heading --><\/p>\n<h2>Riferimenti legali<\/h2>\n<p><!-- \/wp:heading --><br \/><!-- wp:heading {\"level\":3} --><!-- \/wp:heading -->La presente informativa privacy \u00e8 redatta in adempimento degli obblighi previsti dall\u2019Art. 10 della Direttiva n. 95\/46\/CE, nonch\u00e9 a quanto previsto dalla Direttiva 2002\/58\/CE, come aggiornata dalla Direttiva 2009\/136\/CE, in materia di Cookie. La finalit\u00e0 delle informazioni divulgate in questa pagina consistono altres\u00ec nella volont\u00e0 di ottemperare agli obblighi descritti nell\u2019informativa ex art.13 D. Lgs. 196\/2003 per il trattamento di dati sensibili ed \u00e8 stata aggiornata al fine di rispondere alle nuove norme in materia di trattamento dei dati personali descritte nel GDPR (General Data Protection Regulation) \u2013 Regolamento UE 2016\/679.<\/p>\n<p><!-- \/wp:paragraph --><!-- \/wp:paragraph --><br \/><!-- wp:heading {\"level\":3} --><\/p>\n<h3>Tipologia dei dati raccolti<\/h3>\n<p><!-- \/wp:heading -->Fra i Dati Personali raccolti da questo sito web, in modo autonomo o tramite terze parti, possono essere inclusi: Cookie, Dati di utilizzo, Indirizzo IP, Nome, Cognome, Numero di Telefono, Indirizzo, Email, Nazione e Citt\u00e0.<\/p>\n<p>Altri Dati Personali raccolti potrebbero essere indicati in altre sezioni di questa privacy policy o mediante testi informativi visualizzati contestualmente alla raccolta dei Dati stessi. I Dati Personali possono essere inseriti volontariamente dall\u2019Utente, oppure raccolti in modo automatico durante l\u2019uso del sito internet.<\/p>\n<p>L\u2019eventuale utilizzo di Cookie \u2013 o di altri strumenti di tracciamento \u2013 da parte del sito o dei titolari dei servizi terzi utilizzati da questa Applicazione, ove non diversamente precisato, ha la finalit\u00e0 di identificare l\u2019Utente e registrare le relative preferenze per finalit\u00e0 strettamente legate all\u2019erogazione del servizio richiesto dall\u2019Utente.<\/p>\n<p>Il mancato conferimento da parte dell\u2019Utente di alcuni Dati Personali potrebbe impedire a questa Applicazione di erogare i propri servizi. L\u2019Utente si assume la responsabilit\u00e0 dei Dati Personali di terzi pubblicati o condivisi mediante questa Applicazione e garantisce di avere il diritto di comunicarli o diffonderli, liberando il Titolare da qualsiasi responsabilit\u00e0 verso terzi.<\/p>\n<p><!-- \/wp:paragraph --><br \/><!-- wp:heading {\"level\":3} --><\/p>\n<h3>Modalit\u00e0 del trattamento dei dati<\/h3>\n<p><!-- \/wp:heading --><br \/><!-- wp:heading {\"level\":3} --><!-- \/wp:heading -->Il Titolare tratta i Dati Personali degli Utenti adottando le opportune misure di sicurezza volte ad impedire l\u2019accesso, la divulgazione, la modifica o la distruzione non autorizzate.<\/p>\n<p><!-- \/wp:paragraph -->Il trattamento viene effettuato mediante strumenti informatici e\/o telematici, con modalit\u00e0 organizzative e con logiche strettamente correlate alle finalit\u00e0 indicate. Oltre al Titolare, in alcuni casi, potrebbero avere accesso ai Dati categorie di incaricati coinvolti nell\u2019organizzazione del sito (personale amministrativo, commerciale, marketing, legali, amministratori di sistema) ovvero soggetti esterni (come fornitori di servizi tecnici terzi, corrieri postali, hosting provider, societ\u00e0 informatiche, agenzie di comunicazione) nominati anche, se necessario, Responsabili del Trattamento da parte del Titolare. L\u2019elenco aggiornato dei Responsabili potr\u00e0 sempre essere richiesto al Titolare del Trattamento.<\/p>\n<p><!-- \/wp:paragraph --><!-- \/wp:paragraph --><br \/><!-- wp:heading {\"level\":3} --><\/p>\n<h3>Luogo<\/h3>\n<p><!-- \/wp:heading -->I Dati sono trattati presso le sedi legali ed operative del Titolare ed in ogni altro luogo in cui le parti coinvolte nel trattamento siano localizzate. Per ulteriori informazioni, contatta il Titolare.<\/p>\n<p><!-- \/wp:paragraph --><!-- \/wp:paragraph --><br \/><!-- wp:heading {\"level\":3} --><\/p>\n<h3>Tempi<\/h3>\n<p><!-- \/wp:heading --><br \/><!-- wp:heading --><!-- \/wp:heading -->I Dati rimarranno memorizzati per un periodo standard di 5 (cinque) anni solari dal momento in cui questi vengono raccolti. L\u2019Utente pu\u00f2 in qualsiasi momento chiedere l\u2019interruzione del Trattamento o la cancellazione dei propri Dati. Allo scadere del periodo di memorizzazione standard i dati verranno cancellati. Se alcuni di questi dati saranno ancora necessari allo svolgimento del servizio richiesto dall\u2019Utente, o richiesti dalle finalit\u00e0 descritte in questo documento, potranno essere trattenuti fino a quando questa condizione non verr\u00e0 meno. A titolo di esempio citiamo 1) il caso in cui un Utente contatti il Titolare tramite un form di contatto presente sul sito, inserendo il proprio nome e indirizzo mail. Se i contatti con questo utente si protraessero nel tempo superando il limite di 5 anni dal primo contatto, questi non verranno eliminati allo scadere del periodo standard. 2) Lo stesso tipo di omissione \u2013 nuovamente a titolo di esempio \u2013 si verificher\u00e0 nel caso in cui un utente consegnasse il proprio indirizzo mail al Titolare al fine di ricevere una newsletter periodica, e non indicasse per 5 o pi\u00f9 anni l\u2019intenzione di annullare la propria sottoscrizione alla suddetta mailing list.<\/p>\n<p><!-- \/wp:paragraph --><br \/><!-- wp:heading --><!-- \/wp:heading --><br \/><!-- wp:heading {\"level\":3} --><\/p>\n<h3>Finalit\u00e0 del Trattamento dei Dati raccolti<\/h3>\n<h3><!-- \/wp:heading --><\/h3>\n<p><!-- wp:heading --><!-- \/wp:heading --><\/p>\n<p>I Dati dell\u2019Utente sono raccolti per consentire al Titolare di fornire i propri servizi, cos\u00ec come per le seguenti finalit\u00e0: Statistica, Visualizzazione di contenuti da piattaforme esterne, registrazione ed autenticazione. I dati possono essere inoltre utilizzati per ricontattare l\u2019Utente stesso che abbia espresso la propria volont\u00e0 e interesse nel ricevere informazioni da parte del Titolare.<\/p>\n<p>Le tipologie di Dati Personali utilizzati per ciascuna finalit\u00e0 sono indicati nelle sezioni specifiche di questo documento.<\/p>\n<h3><!-- \/wp:paragraph --><\/h3>\n<p><!-- wp:heading --><!-- \/wp:heading --><br \/>\n<!-- wp:heading {\"level\":3} --><\/p>\n<h3>Dettagli sul trattamento dei Dati Personali<\/h3>\n<h3><!-- \/wp:heading --><\/h3>\n<p><!-- wp:heading --><!-- \/wp:heading --><\/p>\n<p>I Dati Personali sono raccolti per le seguenti finalit\u00e0 ed utilizzando i seguenti servizi:<\/p>\n<h4>Registrazione ed Autenticazione<\/h4>\n<p>Con la registrazione o l\u2019autenticazione l\u2019Utente consente all\u2019Applicazione di indentificarlo e di dargli accesso a servizi dedicati. A seconda di quanto indicato di seguito, i servizi di registrazione e di autenticazione potrebbero essere forniti con l\u2019ausilio di terze parti. Qualora questo avvenga, questa applicazione potr\u00e0 accedere ad alcuni Dati conservati dal servizio terzo usato per la registrazione o l\u2019identificazione.<\/p>\n<h5>Facebook Authentication (Facebook, Inc.)<\/h5>\n<p>Facebook Authentication \u00e8 un servizio di registrazione ed autenticazione fornito da Facebook, Inc. e collegato al social network Facebook. Dati personali raccolti: Varie tipologie di Dati secondo quanto specificato dalla privacy policy del servizio. Luogo del trattamento: USA<\/p>\n<h5>Registrazione diretta<\/h5>\n<p>L\u2019Utente si registra compilando il modulo di registrazione e fornendo direttamente a questa Applicazione i propri Dati Personali. Dati personali raccolti: Citt\u00e0, Cognome, Email, Indirizzo, Nazione, Nome e Numero di Telefono.<\/p>\n<h4>Visualizzazione di contenuti da piattaforme esterne<\/h4>\n<p>Questi servizi permettono di visualizzare contenuti ospitati su piattaforme esterne direttamente dalle pagine di questa Applicazione e di interagire con essi. Nel caso in cui sia installato un servizio di questo tipo, \u00e8 possibile che, anche nel caso gli Utenti non utilizzino il servizio, lo stesso raccolga dati di traffico relativi alle pagine in cui \u00e8 installato.<\/p>\n<h4>Google Fonts (Google Inc.)<\/h4>\n<p>Google Fonts \u00e8 un servizio di visualizzazione di stili di carattere gestito da Google Inc. che permette a questa Applicazione di integrare tali contenuti all\u2019interno delle proprie pagine.<br \/><strong>Dati personali raccolti:<\/strong> Cookie e Dati di utilizzo.<br \/><strong>Luogo del trattamento:<\/strong> USA<\/p>\n<h3>Esercizio dei diritti da parte degli Utenti<\/h3>\n<h3><!-- \/wp:heading --><\/h3>\n<p><!-- wp:heading --><!-- \/wp:heading --><\/p>\n<p>soggetti cui si riferiscono i Dati Personali hanno il diritto in qualunque momento di ottenere la conferma dell\u2019esistenza o meno degli stessi presso il Titolare del Trattamento, di conoscerne il contenuto e l\u2019origine, di verificarne l\u2019esattezza o chiederne l\u2019integrazione, la cancellazione, l\u2019aggiornamento, la rettifica, la trasformazione in forma anonima o il blocco dei Dati Personali trattati in violazione di legge, nonch\u00e9 di opporsi in ogni caso, per motivi legittimi, al loro trattamento. Le richieste vanno rivolte al Titolare del Trattamento.<br \/>Questo sito web non supporta le richieste \u201cDo Not Track\u201d. Per conoscere se gli eventuali servizi di terze parti utilizzati le supportano, consulta le loro privacy policy.<\/p>\n<h3>Modifiche a questa privacy policy<\/h3>\n<h3><!-- \/wp:heading --><\/h3>\n<p><!-- wp:heading --><!-- \/wp:heading --><\/p>\n<p>Il Titolare del Trattamento si riserva il diritto di apportare modifiche alla presente privacy policy in qualunque momento dandone pubblicit\u00e0 agli Utenti su questa pagina. Si prega dunque di consultare spesso questa pagina.<\/p>\n<p>Nel caso di mancata accettazione delle modifiche apportate alla presente privacy policy, l\u2019Utente \u00e8 tenuto a cessare l\u2019utilizzo del sito web e pu\u00f2 richiedere al Titolare del Trattamento di rimuovere i propri Dati Personali. Salvo quanto diversamente specificato, la precedente privacy policy continuer\u00e0 ad applicarsi ai Dati Personali sino a quel momento raccolti.<\/p>\n<p><!-- \/wp:heading --><br \/><!-- wp:heading {\"level\":3} --><\/p>\n<h3>\u00a0<\/h3>\n<p><!-- \/wp:heading -->\u00a0<\/p>\n\n\t\t<\/div>\n\t<\/div>\n<\/div><\/div><\/div><\/div><\/div><\/div>","protected":false},"excerpt":{"rendered":"Il titolare del trattamento dei dati \u00e8: Texia Srl \u2013 Sede legale: via Filadelfia \u2013 Torino (Italia) Riferimenti legali La presente informativa privacy \u00e8 redatta in adempimento degli obblighi previsti&hellip;","protected":false},"author":1,"featured_media":0,"parent":0,"menu_order":0,"comment_status":"closed","ping_status":"open","template":"","meta":[],"aioseo_notices":[],"acf":[],"_links":{"self":[{"href":"https:\/\/www.texia.eu\/en\/wp-json\/wp\/v2\/pages\/3"}],"collection":[{"href":"https:\/\/www.texia.eu\/en\/wp-json\/wp\/v2\/pages"}],"about":[{"href":"https:\/\/www.texia.eu\/en\/wp-json\/wp\/v2\/types\/page"}],"author":[{"embeddable":true,"href":"https:\/\/www.texia.eu\/en\/wp-json\/wp\/v2\/users\/1"}],"replies":[{"embeddable":true,"href":"https:\/\/www.texia.eu\/en\/wp-json\/wp\/v2\/comments?post=3"}],"version-history":[{"count":4,"href":"https:\/\/www.texia.eu\/en\/wp-json\/wp\/v2\/pages\/3\/revisions"}],"predecessor-version":[{"id":11647,"href":"https:\/\/www.texia.eu\/en\/wp-json\/wp\/v2\/pages\/3\/revisions\/11647"}],"wp:attachment":[{"href":"https:\/\/www.texia.eu\/en\/wp-json\/wp\/v2\/media?parent=3"}],"curies":[{"name":"wp","href":"https:\/\/api.w.org\/{rel}","templated":true}]}}