{"id":11410,"date":"2024-06-14T11:37:14","date_gmt":"2024-06-14T09:37:14","guid":{"rendered":"https:\/\/www.texia.eu\/?post_type=product&#038;p=11410"},"modified":"2025-05-02T11:27:33","modified_gmt":"2025-05-02T09:27:33","slug":"bioidra-crema-viso-idratante-50ml","status":"publish","type":"product","link":"https:\/\/www.texia.eu\/en\/prodotti-dermatologici\/bioidra-crema-viso-idratante-50ml\/","title":{"rendered":"BIOIDRA Hyal Filler Crema Viso Idratante 50 ml"},"content":{"rendered":"<p>&nbsp;<\/p>\n<p><img loading=\"lazy\" class=\"wp-image-11555 alignleft\" src=\"https:\/\/www.texia.eu\/wp-content\/uploads\/2024\/06\/BIOIDRA-A-275x300.jpg\" alt=\"\" width=\"559\" height=\"610\" srcset=\"https:\/\/www.texia.eu\/wp-content\/uploads\/2024\/06\/BIOIDRA-A-275x300.jpg 275w, https:\/\/www.texia.eu\/wp-content\/uploads\/2024\/06\/BIOIDRA-A-939x1024.jpg 939w, https:\/\/www.texia.eu\/wp-content\/uploads\/2024\/06\/BIOIDRA-A-768x837.jpg 768w, https:\/\/www.texia.eu\/wp-content\/uploads\/2024\/06\/BIOIDRA-A-1409x1536.jpg 1409w, https:\/\/www.texia.eu\/wp-content\/uploads\/2024\/06\/BIOIDRA-A-11x12.jpg 11w, https:\/\/www.texia.eu\/wp-content\/uploads\/2024\/06\/BIOIDRA-A-700x763.jpg 700w, https:\/\/www.texia.eu\/wp-content\/uploads\/2024\/06\/BIOIDRA-A.jpg 1772w\" sizes=\"(max-width: 559px) 100vw, 559px\" \/><\/p>\n<p><strong>Crema Reidratante e ridensificante Intensiva,<\/strong><\/p>\n<p>BIOIDRA HYAL FILLER ,\u00a0 rende la pelle pi\u00f9 elastica. Per tutte le condizioni di forte secchezza e reattivit\u00e0: da invecchiamento, trattamenti topici dissecanti, particolare sensibilit\u00e0 o specifiche condizioni dermatologiche. Adatta per l&#8217;uso quotidiano, su viso, labbra, collo e sulle aree pi\u00f9 sensibili. Assicura una ottima veicolazione di numerosi attivi con rapido miglioramento della densit\u00e0 e dell&#8217;idratazione epidermica. La pelle diviene pi\u00f9 elastica e compatta; formula esclusiva con acido Jaluronico e stimolatori delle Acquaporine per un&#8217;intensa azione reidratante. Principi selezionati per tollerabilit\u00e0 ed efficacia.<\/p>\n<p><img loading=\"lazy\" class=\"wp-image-11556 alignright\" src=\"https:\/\/www.texia.eu\/wp-content\/uploads\/2024\/06\/BIOIDRA-B-1-212x300.jpg\" alt=\"\" width=\"422\" height=\"597\" srcset=\"https:\/\/www.texia.eu\/wp-content\/uploads\/2024\/06\/BIOIDRA-B-1-212x300.jpg 212w, https:\/\/www.texia.eu\/wp-content\/uploads\/2024\/06\/BIOIDRA-B-1-725x1024.jpg 725w, https:\/\/www.texia.eu\/wp-content\/uploads\/2024\/06\/BIOIDRA-B-1-768x1085.jpg 768w, https:\/\/www.texia.eu\/wp-content\/uploads\/2024\/06\/BIOIDRA-B-1-1087x1536.jpg 1087w, https:\/\/www.texia.eu\/wp-content\/uploads\/2024\/06\/BIOIDRA-B-1-1449x2048.jpg 1449w, https:\/\/www.texia.eu\/wp-content\/uploads\/2024\/06\/BIOIDRA-B-1-8x12.jpg 8w, https:\/\/www.texia.eu\/wp-content\/uploads\/2024\/06\/BIOIDRA-B-1-700x989.jpg 700w, https:\/\/www.texia.eu\/wp-content\/uploads\/2024\/06\/BIOIDRA-B-1.jpg 1772w\" sizes=\"(max-width: 422px) 100vw, 422px\" \/><\/p>\n<p>&nbsp;<\/p>\n<p>&nbsp;<\/p>\n<p>In vendita in Farmacia , Parafarmacia e sulla piattaforma Amazon.it &#8211; tutti i prodotti hanno un sigillo olografico come prova di controllo<\/p>","protected":false},"excerpt":{"rendered":"[video width=\"768\" height=\"1280\" mp4=\"https:\/\/www.texia.eu\/wp-content\/uploads\/2024\/06\/VID-20250117-WA0007-1.mp4\"][\/video]\n","protected":false},"featured_media":11433,"comment_status":"open","ping_status":"closed","template":"","meta":[],"aioseo_notices":[],"acf":[],"_links":{"self":[{"href":"https:\/\/www.texia.eu\/en\/wp-json\/wp\/v2\/product\/11410"}],"collection":[{"href":"https:\/\/www.texia.eu\/en\/wp-json\/wp\/v2\/product"}],"about":[{"href":"https:\/\/www.texia.eu\/en\/wp-json\/wp\/v2\/types\/product"}],"replies":[{"embeddable":true,"href":"https:\/\/www.texia.eu\/en\/wp-json\/wp\/v2\/comments?post=11410"}],"wp:featuredmedia":[{"embeddable":true,"href":"https:\/\/www.texia.eu\/en\/wp-json\/wp\/v2\/media\/11433"}],"wp:attachment":[{"href":"https:\/\/www.texia.eu\/en\/wp-json\/wp\/v2\/media?parent=11410"}],"curies":[{"name":"wp","href":"https:\/\/api.w.org\/{rel}","templated":true}]}}