{"id":11412,"date":"2024-05-15T14:22:47","date_gmt":"2024-05-15T12:22:47","guid":{"rendered":"https:\/\/www.texia.eu\/?post_type=product&#038;p=11412"},"modified":"2025-05-02T11:27:54","modified_gmt":"2025-05-02T09:27:54","slug":"solaris-repair-fluid-ripar-scott-200ml","status":"publish","type":"product","link":"https:\/\/www.texia.eu\/en\/prodotti-dermatologici\/solaris-repair-fluid-ripar-scott-200ml\/","title":{"rendered":"Solaris Repair Fluid Riparativa per le scottature 200ML"},"content":{"rendered":"<h4 style=\"text-align: center\"><\/h4>\n<h4><img loading=\"lazy\" class=\"wp-image-11535 alignleft\" src=\"https:\/\/www.texia.eu\/wp-content\/uploads\/2024\/05\/SOLARIS-REPAIR-IMAGE-1-277x300.jpg\" alt=\"\" width=\"439\" height=\"475\" srcset=\"https:\/\/www.texia.eu\/wp-content\/uploads\/2024\/05\/SOLARIS-REPAIR-IMAGE-1-277x300.jpg 277w, https:\/\/www.texia.eu\/wp-content\/uploads\/2024\/05\/SOLARIS-REPAIR-IMAGE-1-947x1024.jpg 947w, https:\/\/www.texia.eu\/wp-content\/uploads\/2024\/05\/SOLARIS-REPAIR-IMAGE-1-768x831.jpg 768w, https:\/\/www.texia.eu\/wp-content\/uploads\/2024\/05\/SOLARIS-REPAIR-IMAGE-1-1420x1536.jpg 1420w, https:\/\/www.texia.eu\/wp-content\/uploads\/2024\/05\/SOLARIS-REPAIR-IMAGE-1-11x12.jpg 11w, https:\/\/www.texia.eu\/wp-content\/uploads\/2024\/05\/SOLARIS-REPAIR-IMAGE-1-700x757.jpg 700w, https:\/\/www.texia.eu\/wp-content\/uploads\/2024\/05\/SOLARIS-REPAIR-IMAGE-1.jpg 1776w\" sizes=\"(max-width: 439px) 100vw, 439px\" \/><\/h4>\n<h6 style=\"text-align: left\">\u00a0FORMULA RIPARATIVA, LENITIVA E RINFRESCANTE<\/h6>\n<p style=\"text-align: left\">Emulsione fluida spray con rapido e prolungato effetto rinfrescante; assicura immediato sollievo sulle sensazioni<br \/>\nfastidiose della pelle dovute al sole. Riduce subito il fastidio e gli arrossamenti. Decongestionante specifico per<br \/>\nle scottature e gli eritemi, ripara, lenisce con pronta azione calmante. Contiene intensificatori melaninici per una<br \/>\npigmentazione uniforme. Reidrata, lenisce, dona alla pelle una abbronzatura dorata e omogenea. Dalla texture<br \/>\nleggera e gradevole, si applica con facilit\u00e0; pu\u00f2 essere applicato pi\u00f9 volte al giorno sulle aree arrossate e fastidiose fino a completo miglioramento delle manifestazioni.<\/p>\n<p>&nbsp;<\/p>\n<h5 style=\"text-align: left\"><img loading=\"lazy\" class=\"wp-image-11534 alignright\" src=\"https:\/\/www.texia.eu\/wp-content\/uploads\/2024\/05\/SOLARIS-REPAIR-B-214x300.jpg\" alt=\"\" width=\"467\" height=\"655\" srcset=\"https:\/\/www.texia.eu\/wp-content\/uploads\/2024\/05\/SOLARIS-REPAIR-B-214x300.jpg 214w, https:\/\/www.texia.eu\/wp-content\/uploads\/2024\/05\/SOLARIS-REPAIR-B-729x1024.jpg 729w, https:\/\/www.texia.eu\/wp-content\/uploads\/2024\/05\/SOLARIS-REPAIR-B-768x1078.jpg 768w, https:\/\/www.texia.eu\/wp-content\/uploads\/2024\/05\/SOLARIS-REPAIR-B-1094x1536.jpg 1094w, https:\/\/www.texia.eu\/wp-content\/uploads\/2024\/05\/SOLARIS-REPAIR-B-1459x2048.jpg 1459w, https:\/\/www.texia.eu\/wp-content\/uploads\/2024\/05\/SOLARIS-REPAIR-B-9x12.jpg 9w, https:\/\/www.texia.eu\/wp-content\/uploads\/2024\/05\/SOLARIS-REPAIR-B-700x983.jpg 700w, https:\/\/www.texia.eu\/wp-content\/uploads\/2024\/05\/SOLARIS-REPAIR-B.jpg 1629w\" sizes=\"(max-width: 467px) 100vw, 467px\" \/><\/h5>\n<p>In vendita in Farmacia , Parafarmacia e sulla piattaforma Amazon.it &#8211; tutti i prodotti hanno un sigillo olografico come prova di controllo<\/p>\n<h4 style=\"text-align: left\"><\/h4>","protected":false},"excerpt":{"rendered":"<p>\u00a0FORMULA RIPARATIVA, LENITIVA E RINFRESCANTE Emulsione fluida spray con rapido e prolungato effetto rinfrescante; assicura immediato sollievo sulle sensazioni fastidiose della pelle dovute al sole. Riduce subito il fastidio e&hellip;<\/p>","protected":false},"featured_media":11532,"comment_status":"open","ping_status":"closed","template":"","meta":[],"aioseo_notices":[],"acf":[],"_links":{"self":[{"href":"https:\/\/www.texia.eu\/en\/wp-json\/wp\/v2\/product\/11412"}],"collection":[{"href":"https:\/\/www.texia.eu\/en\/wp-json\/wp\/v2\/product"}],"about":[{"href":"https:\/\/www.texia.eu\/en\/wp-json\/wp\/v2\/types\/product"}],"replies":[{"embeddable":true,"href":"https:\/\/www.texia.eu\/en\/wp-json\/wp\/v2\/comments?post=11412"}],"wp:featuredmedia":[{"embeddable":true,"href":"https:\/\/www.texia.eu\/en\/wp-json\/wp\/v2\/media\/11532"}],"wp:attachment":[{"href":"https:\/\/www.texia.eu\/en\/wp-json\/wp\/v2\/media?parent=11412"}],"curies":[{"name":"wp","href":"https:\/\/api.w.org\/{rel}","templated":true}]}}