{"id":11414,"date":"2024-06-18T06:37:20","date_gmt":"2024-06-18T04:37:20","guid":{"rendered":"https:\/\/www.texia.eu\/?post_type=product&#038;p=11414"},"modified":"2025-12-05T10:59:38","modified_gmt":"2025-12-05T09:59:38","slug":"sporax-mousse-shampoo-antiforfor","status":"publish","type":"product","link":"https:\/\/www.texia.eu\/en\/prodotti-dermatologici\/sporax-mousse-shampoo-antiforfor\/","title":{"rendered":"SPORAX SHAMPOO MOUSSE Shampoo Antiforfora"},"content":{"rendered":"<h4><\/h4>\n<p><img loading=\"lazy\" class=\"wp-image-11553 alignleft\" src=\"https:\/\/www.texia.eu\/wp-content\/uploads\/2024\/06\/SPORAX-SH-A-MIX_1-212x300.jpg\" alt=\"\" width=\"415\" height=\"587\" srcset=\"https:\/\/www.texia.eu\/wp-content\/uploads\/2024\/06\/SPORAX-SH-A-MIX_1-212x300.jpg 212w, https:\/\/www.texia.eu\/wp-content\/uploads\/2024\/06\/SPORAX-SH-A-MIX_1-725x1024.jpg 725w, https:\/\/www.texia.eu\/wp-content\/uploads\/2024\/06\/SPORAX-SH-A-MIX_1-768x1085.jpg 768w, https:\/\/www.texia.eu\/wp-content\/uploads\/2024\/06\/SPORAX-SH-A-MIX_1-1087x1536.jpg 1087w, https:\/\/www.texia.eu\/wp-content\/uploads\/2024\/06\/SPORAX-SH-A-MIX_1-1449x2048.jpg 1449w, https:\/\/www.texia.eu\/wp-content\/uploads\/2024\/06\/SPORAX-SH-A-MIX_1-8x12.jpg 8w, https:\/\/www.texia.eu\/wp-content\/uploads\/2024\/06\/SPORAX-SH-A-MIX_1-700x989.jpg 700w, https:\/\/www.texia.eu\/wp-content\/uploads\/2024\/06\/SPORAX-SH-A-MIX_1.jpg 1772w\" sizes=\"(max-width: 415px) 100vw, 415px\" \/><\/p>\n<h4>Gradevole Mousse<\/h4>\n<p><strong>Caratteristiche:<\/strong> shampoo delicato, purificante; coadiuvante igienico completo nel prurito e nella forfora grassa o secca e intensa, resistente ad altri trattamenti.<\/p>\n<p><strong>Purificante:<\/strong> con Clotrimazolo ed acido Fitico, Ciclopirox Olamine, antimicotico ad elevata biodispo-nibilit\u00e0 epidermica, controlla con rapidit\u00e0 la proliferazione del fungo e delle manifestazioni ad esso cor-relate come forfora e prurito.<\/p>\n<p><strong>Esfoliante:<\/strong> il complesso di Urea e Salicilati favorisce il graduale, delicato distacco delle squamosit\u00e0.<\/p>\n<p><strong>Lenitiva:<\/strong> Mentile Lattato e Polidocanolo, con ben nota efficacia sul prurito. Con Pantenolo e Glicina.<\/p>\n<p><strong>Protettiva:<\/strong> dalla schiuma densa e cremosa \u00e8 piacevole da usare. Con condizionanti ad effetto balsamo e proteine strutturanti e riparative per capelli sempre morbidi, elastici, facili da pettinare.<\/p>\n<p><strong>Consigli d&#8217;uso:<\/strong> applicate sui capelli umidi per una prima applicazione; ripetete, massaggiate bene; lasciate agire per 3- 5 minuti e risciacquate con cura. Nelle condizioni forforali pi\u00f9 intense, si consigliano applicazioni pi\u00f9 frequenti, 3 &#8211; 6 volte la settimana, per almeno 5 settimane. Per la sua elevata delicatezza, pu\u00f2 essere usato per l\u2019uso anche quotidiano e continuativo.<\/p>\n<p><img loading=\"lazy\" class=\"wp-image-11581 aligncenter\" src=\"https:\/\/www.texia.eu\/wp-content\/uploads\/2020\/05\/SPORAX-SH-CURVE-B-1-212x300.jpg\" alt=\"\" width=\"466\" height=\"659\" srcset=\"https:\/\/www.texia.eu\/wp-content\/uploads\/2020\/05\/SPORAX-SH-CURVE-B-1-212x300.jpg 212w, https:\/\/www.texia.eu\/wp-content\/uploads\/2020\/05\/SPORAX-SH-CURVE-B-1-725x1024.jpg 725w, https:\/\/www.texia.eu\/wp-content\/uploads\/2020\/05\/SPORAX-SH-CURVE-B-1-768x1085.jpg 768w, https:\/\/www.texia.eu\/wp-content\/uploads\/2020\/05\/SPORAX-SH-CURVE-B-1-1087x1536.jpg 1087w, https:\/\/www.texia.eu\/wp-content\/uploads\/2020\/05\/SPORAX-SH-CURVE-B-1-1449x2048.jpg 1449w, https:\/\/www.texia.eu\/wp-content\/uploads\/2020\/05\/SPORAX-SH-CURVE-B-1-8x12.jpg 8w, https:\/\/www.texia.eu\/wp-content\/uploads\/2020\/05\/SPORAX-SH-CURVE-B-1-700x989.jpg 700w, https:\/\/www.texia.eu\/wp-content\/uploads\/2020\/05\/SPORAX-SH-CURVE-B-1.jpg 1772w\" sizes=\"(max-width: 466px) 100vw, 466px\" \/><\/p>\n<p>&nbsp;<\/p>\n<p>In vendita in Farmacia, Parafarmacia, farmacie online e sulla piattaforma Amazon.it \u2013 tutti i prodotti vengono venduti con un sigillo olografico di controllo.<\/p>","protected":false},"excerpt":{"rendered":"[video width=\"1280\" height=\"720\" mp4=\"https:\/\/www.texia.eu\/wp-content\/uploads\/2020\/05\/sporax.mp4\"][\/video]\n","protected":false},"featured_media":11529,"comment_status":"open","ping_status":"closed","template":"","meta":[],"aioseo_notices":[],"acf":[],"_links":{"self":[{"href":"https:\/\/www.texia.eu\/en\/wp-json\/wp\/v2\/product\/11414"}],"collection":[{"href":"https:\/\/www.texia.eu\/en\/wp-json\/wp\/v2\/product"}],"about":[{"href":"https:\/\/www.texia.eu\/en\/wp-json\/wp\/v2\/types\/product"}],"replies":[{"embeddable":true,"href":"https:\/\/www.texia.eu\/en\/wp-json\/wp\/v2\/comments?post=11414"}],"wp:featuredmedia":[{"embeddable":true,"href":"https:\/\/www.texia.eu\/en\/wp-json\/wp\/v2\/media\/11529"}],"wp:attachment":[{"href":"https:\/\/www.texia.eu\/en\/wp-json\/wp\/v2\/media?parent=11414"}],"curies":[{"name":"wp","href":"https:\/\/api.w.org\/{rel}","templated":true}]}}