{"id":9488,"date":"2020-05-29T16:30:49","date_gmt":"2020-05-29T14:30:49","guid":{"rendered":"http:\/\/localhost\/projects\/iostoacasa\/?post_type=product&#038;p=9488"},"modified":"2026-01-07T11:57:20","modified_gmt":"2026-01-07T10:57:20","slug":"sporax-shampoo-antiforfora","status":"publish","type":"product","link":"https:\/\/www.texia.eu\/en\/prodotti-dermatologici\/sporax-shampoo-antiforfora\/","title":{"rendered":"Sporax Shampoo Extradelicato Antiforfora 125ml"},"content":{"rendered":"<p><img loading=\"lazy\" class=\"wp-image-11579 alignleft\" src=\"https:\/\/www.texia.eu\/wp-content\/uploads\/2020\/05\/SPORAX-SH-A-263x300.jpg\" alt=\"\" width=\"425\" height=\"485\" srcset=\"https:\/\/www.texia.eu\/wp-content\/uploads\/2020\/05\/SPORAX-SH-A-263x300.jpg 263w, https:\/\/www.texia.eu\/wp-content\/uploads\/2020\/05\/SPORAX-SH-A-897x1024.jpg 897w, https:\/\/www.texia.eu\/wp-content\/uploads\/2020\/05\/SPORAX-SH-A-768x877.jpg 768w, https:\/\/www.texia.eu\/wp-content\/uploads\/2020\/05\/SPORAX-SH-A-1345x1536.jpg 1345w, https:\/\/www.texia.eu\/wp-content\/uploads\/2020\/05\/SPORAX-SH-A-11x12.jpg 11w, https:\/\/www.texia.eu\/wp-content\/uploads\/2020\/05\/SPORAX-SH-A-700x800.jpg 700w, https:\/\/www.texia.eu\/wp-content\/uploads\/2020\/05\/SPORAX-SH-A.jpg 1772w\" sizes=\"(max-width: 425px) 100vw, 425px\" \/><\/p>\n<p><strong>Caratteristiche:<\/strong> shampoo delicato, purificante; coadiuvante igienico completo nel prurito e nella forfora grassa o secca e intensa, resistente ad altri trattamenti.<\/p>\n<p><strong>Purificante:<\/strong> con Clotrimazolo ed acido Fitico, Ciclopirox Olamine, antimicotico ad elevata biodispo-nibilit\u00e0 epidermica, controlla con rapidit\u00e0 la proliferazione del fungo e delle manifestazioni ad esso cor-relate come forfora e prurito.<\/p>\n<p><img loading=\"lazy\" class=\" wp-image-11553 alignright\" src=\"https:\/\/www.texia.eu\/wp-content\/uploads\/2024\/06\/SPORAX-SH-A-MIX_1-212x300.jpg\" alt=\"\" width=\"382\" height=\"540\" srcset=\"https:\/\/www.texia.eu\/wp-content\/uploads\/2024\/06\/SPORAX-SH-A-MIX_1-212x300.jpg 212w, https:\/\/www.texia.eu\/wp-content\/uploads\/2024\/06\/SPORAX-SH-A-MIX_1-725x1024.jpg 725w, https:\/\/www.texia.eu\/wp-content\/uploads\/2024\/06\/SPORAX-SH-A-MIX_1-768x1085.jpg 768w, https:\/\/www.texia.eu\/wp-content\/uploads\/2024\/06\/SPORAX-SH-A-MIX_1-1087x1536.jpg 1087w, https:\/\/www.texia.eu\/wp-content\/uploads\/2024\/06\/SPORAX-SH-A-MIX_1-1449x2048.jpg 1449w, https:\/\/www.texia.eu\/wp-content\/uploads\/2024\/06\/SPORAX-SH-A-MIX_1-8x12.jpg 8w, https:\/\/www.texia.eu\/wp-content\/uploads\/2024\/06\/SPORAX-SH-A-MIX_1-700x989.jpg 700w, https:\/\/www.texia.eu\/wp-content\/uploads\/2024\/06\/SPORAX-SH-A-MIX_1.jpg 1772w\" sizes=\"(max-width: 382px) 100vw, 382px\" \/><\/p>\n<p><strong>Esfoliante:<\/strong> il complesso di Urea e Salicilati favorisce il graduale, delicato distacco delle squamosit\u00e0.<\/p>\n<p><strong>Lenitiva:<\/strong> Mentile Lattato e Polidocanolo, con ben nota efficacia sul prurito. Con Pantenolo e Glicina.<\/p>\n<p><strong>Protettiva:<\/strong> dalla schiuma densa e cremosa \u00e8 piacevole da usare. Con condizionanti ad effetto balsamo e proteine strutturanti e riparative per capelli sempre morbidi, elastici, facili da pettinare.<\/p>\n<p><strong>Consigli d&#8217;uso:<\/strong> applicate sui capelli umidi per una prima applicazione; ripetete, massaggiate bene; lasciate agire per 3- 5 minuti e risciacquate con cura. Nelle condizioni forforali pi\u00f9 intense, si consigliano applicazioni pi\u00f9 frequenti, 3 &#8211; 6 volte la settimana, per almeno 5 settimane. Per la sua elevata delicatezza, pu\u00f2 essere usato per l\u2019uso anche quotidiano e continuativo.<\/p>\n<p><img loading=\"lazy\" class=\"wp-image-11581 aligncenter\" src=\"https:\/\/www.texia.eu\/wp-content\/uploads\/2020\/05\/SPORAX-SH-CURVE-B-1-212x300.jpg\" alt=\"\" width=\"442\" height=\"626\" srcset=\"https:\/\/www.texia.eu\/wp-content\/uploads\/2020\/05\/SPORAX-SH-CURVE-B-1-212x300.jpg 212w, https:\/\/www.texia.eu\/wp-content\/uploads\/2020\/05\/SPORAX-SH-CURVE-B-1-1087x1536.jpg 1087w, https:\/\/www.texia.eu\/wp-content\/uploads\/2020\/05\/SPORAX-SH-CURVE-B-1-1449x2048.jpg 1449w, https:\/\/www.texia.eu\/wp-content\/uploads\/2020\/05\/SPORAX-SH-CURVE-B-1-8x12.jpg 8w, https:\/\/www.texia.eu\/wp-content\/uploads\/2020\/05\/SPORAX-SH-CURVE-B-1.jpg 1772w\" sizes=\"(max-width: 442px) 100vw, 442px\" \/><\/p>\n<p>In vendita in Farmacia, Parafarmacia, farmacie online e sulla piattaforma Amazon.it \u2013 tutti i prodotti vengono venduti con un sigillo olografico di controllo.<\/p>\n<p>&nbsp;<\/p>\n<p>Articolo Pubblicato:<\/p>\n<blockquote class=\"wp-embedded-content\" data-secret=\"PuKpKoYh0O\"><p><a href=\"https:\/\/www.texia.eu\/a-rocambolesque-strategy-to-combat-definitively-lichen-simplex-chronicus-in-black-skinned-people-duplicate-1\/\">[SPORAX] &#8211; A potent  cocktail of clotrimazole, ciclopiroxolamine, Zinc ion and tridecyl salycilate is capable to struggle radically the Pityriasis versicolor, even the repetitive and the intermittent ones.<\/a><\/p><\/blockquote>\n<p><iframe class=\"wp-embedded-content\" sandbox=\"allow-scripts\" security=\"restricted\" style=\"position: absolute; clip: rect(1px, 1px, 1px, 1px);\" title=\"&#8220;[SPORAX] &#8211; A potent  cocktail of clotrimazole, ciclopiroxolamine, Zinc ion and tridecyl salycilate is capable to struggle radically the Pityriasis versicolor, even the repetitive and the intermittent ones.&#8221; &#8212; Texia Innovazione Dermatologica\" src=\"https:\/\/www.texia.eu\/a-rocambolesque-strategy-to-combat-definitively-lichen-simplex-chronicus-in-black-skinned-people-duplicate-1\/embed\/#?secret=PuKpKoYh0O\" data-secret=\"PuKpKoYh0O\" width=\"600\" height=\"338\" frameborder=\"0\" marginwidth=\"0\" marginheight=\"0\" scrolling=\"no\"><\/iframe><\/p>\n","protected":false},"excerpt":{"rendered":"[video width=\"1280\" height=\"720\" mp4=\"https:\/\/www.texia.eu\/wp-content\/uploads\/2020\/05\/sporax.mp4\"][\/video]\n<p>Purificante negli Stati Seborroici e Desquamativi<\/p>\n","protected":false},"featured_media":9492,"comment_status":"open","ping_status":"closed","template":"","meta":[],"aioseo_notices":[],"acf":[],"_links":{"self":[{"href":"https:\/\/www.texia.eu\/en\/wp-json\/wp\/v2\/product\/9488"}],"collection":[{"href":"https:\/\/www.texia.eu\/en\/wp-json\/wp\/v2\/product"}],"about":[{"href":"https:\/\/www.texia.eu\/en\/wp-json\/wp\/v2\/types\/product"}],"replies":[{"embeddable":true,"href":"https:\/\/www.texia.eu\/en\/wp-json\/wp\/v2\/comments?post=9488"}],"wp:featuredmedia":[{"embeddable":true,"href":"https:\/\/www.texia.eu\/en\/wp-json\/wp\/v2\/media\/9492"}],"wp:attachment":[{"href":"https:\/\/www.texia.eu\/en\/wp-json\/wp\/v2\/media?parent=9488"}],"curies":[{"name":"wp","href":"https:\/\/api.w.org\/{rel}","templated":true}]}}