{"id":9493,"date":"2020-05-29T16:59:32","date_gmt":"2020-05-29T14:59:32","guid":{"rendered":"http:\/\/localhost\/projects\/iostoacasa\/?post_type=product&#038;p=9493"},"modified":"2026-03-14T11:42:34","modified_gmt":"2026-03-14T10:42:34","slug":"nutramax-400-crema-emolliente","status":"publish","type":"product","link":"https:\/\/www.texia.eu\/en\/prodotti-dermatologici\/nutramax-400-crema-emolliente\/","title":{"rendered":"Nutramax 400 crema emolliente 400ml"},"content":{"rendered":"<p>&nbsp;<\/p>\n<p><img loading=\"lazy\" class=\"wp-image-11603 alignleft\" src=\"https:\/\/www.texia.eu\/wp-content\/uploads\/2020\/05\/NUTRAMAX-Amezzo-270x300.jpg\" alt=\"\" width=\"442\" height=\"491\" srcset=\"https:\/\/www.texia.eu\/wp-content\/uploads\/2020\/05\/NUTRAMAX-Amezzo-270x300.jpg 270w, https:\/\/www.texia.eu\/wp-content\/uploads\/2020\/05\/NUTRAMAX-Amezzo-922x1024.jpg 922w, https:\/\/www.texia.eu\/wp-content\/uploads\/2020\/05\/NUTRAMAX-Amezzo-768x853.jpg 768w, https:\/\/www.texia.eu\/wp-content\/uploads\/2020\/05\/NUTRAMAX-Amezzo-1383x1536.jpg 1383w, https:\/\/www.texia.eu\/wp-content\/uploads\/2020\/05\/NUTRAMAX-Amezzo-11x12.jpg 11w, https:\/\/www.texia.eu\/wp-content\/uploads\/2020\/05\/NUTRAMAX-Amezzo-700x777.jpg 700w, https:\/\/www.texia.eu\/wp-content\/uploads\/2020\/05\/NUTRAMAX-Amezzo.jpg 1772w\" sizes=\"(max-width: 442px) 100vw, 442px\" \/><\/p>\n<p><strong>NUTRAMAX CREMA EMOLLIENTE PROTETTIVA<\/strong><\/p>\n<p><strong>Caratteristiche:<\/strong> crema nutriente con spiccata azione idratante, per la protezione della pelle molto secca, screpolata e intollerante. Per la particolare formulazione, si assorbe con facilit\u00e0 permettendo una rapida veicolazione dei suoi attivi.<\/p>\n<p><strong>Nutriente:<\/strong> rende subito la pelle pi\u00f9 elastica e compatta, grazie alla formula molto ricca in lipidi protettivi e strutturanti della barriera.<\/p>\n<p><strong>Restitutiva:<\/strong> con Fosfolipidi, Ceramidi ed Olii ricchi in Omega 3, 6 e 9; stimola la sintesi del cemento intercorneocitario e rende l&#8217;epidermide elastica e compatta.<\/p>\n<p><strong>Lenitiva:<\/strong> Pantenolo, Allantoina e antireattivi con azione calmante.<\/p>\n<p><strong>Gradevole:<\/strong> siliconici rendono il prodotto gradevole da applicare con un piacevole tocco morbido e vellutante: la pelle ritrova cos\u00ec il naturale equilibrio e benessere.<\/p>\n<p><strong>Indicazioni:<\/strong> crema idratante, nutriente e protettiva; specifica per tutte le condizioni di forte secchezza: senilit\u00e0, detersioni frequenti o associate ad atopia; particolare sensibilit\u00e0 o dovute a specifiche affezioni dermatologiche.<\/p>\n<p><strong>Consigli d&#8217;uso:<\/strong> applicate la sera o dopo detersione delicata, 1 a 2 volte al giorno, in funzione del grado di secchezza. Massaggiate fino a completo assorbimento. La crema pu\u00f2 essere impiegata su zone estese, anche a supporto di terapie specifiche, soprattutto sulle zone pi\u00f9 secche e sensibili. Nutriente, gradevole da applicare, pu\u00f2 essere impiegata anche in modo frequente e continuativo.<\/p>\n<p><img loading=\"lazy\" class=\"wp-image-11604 aligncenter\" src=\"https:\/\/www.texia.eu\/wp-content\/uploads\/2020\/05\/NUTRAMAX-B-212x300.jpg\" alt=\"\" width=\"411\" height=\"581\" srcset=\"https:\/\/www.texia.eu\/wp-content\/uploads\/2020\/05\/NUTRAMAX-B-212x300.jpg 212w, https:\/\/www.texia.eu\/wp-content\/uploads\/2020\/05\/NUTRAMAX-B-725x1024.jpg 725w, https:\/\/www.texia.eu\/wp-content\/uploads\/2020\/05\/NUTRAMAX-B-768x1085.jpg 768w, https:\/\/www.texia.eu\/wp-content\/uploads\/2020\/05\/NUTRAMAX-B-1087x1536.jpg 1087w, https:\/\/www.texia.eu\/wp-content\/uploads\/2020\/05\/NUTRAMAX-B-1449x2048.jpg 1449w, https:\/\/www.texia.eu\/wp-content\/uploads\/2020\/05\/NUTRAMAX-B-8x12.jpg 8w, https:\/\/www.texia.eu\/wp-content\/uploads\/2020\/05\/NUTRAMAX-B-700x989.jpg 700w, https:\/\/www.texia.eu\/wp-content\/uploads\/2020\/05\/NUTRAMAX-B.jpg 1772w\" sizes=\"(max-width: 411px) 100vw, 411px\" \/><\/p>\n<p>In vendita in Farmacia, Parafarmacia, farmacie online e sulla piattaforma Amazon.it \u2013 tutti i prodotti vengono venduti con un sigillo olografico di controllo.<\/p>","protected":false},"excerpt":{"rendered":"<p>Crema emolliente corpo ad elevata tollerabilit\u00e0 per aree molto secche e delicate<\/p>","protected":false},"featured_media":10935,"comment_status":"open","ping_status":"closed","template":"","meta":[],"aioseo_notices":[],"acf":[],"_links":{"self":[{"href":"https:\/\/www.texia.eu\/en\/wp-json\/wp\/v2\/product\/9493"}],"collection":[{"href":"https:\/\/www.texia.eu\/en\/wp-json\/wp\/v2\/product"}],"about":[{"href":"https:\/\/www.texia.eu\/en\/wp-json\/wp\/v2\/types\/product"}],"replies":[{"embeddable":true,"href":"https:\/\/www.texia.eu\/en\/wp-json\/wp\/v2\/comments?post=9493"}],"wp:featuredmedia":[{"embeddable":true,"href":"https:\/\/www.texia.eu\/en\/wp-json\/wp\/v2\/media\/10935"}],"wp:attachment":[{"href":"https:\/\/www.texia.eu\/en\/wp-json\/wp\/v2\/media?parent=9493"}],"curies":[{"name":"wp","href":"https:\/\/api.w.org\/{rel}","templated":true}]}}