{"id":9663,"date":"2020-09-01T15:34:54","date_gmt":"2020-09-01T13:34:54","guid":{"rendered":"http:\/\/localhost\/projects\/iostoacasa\/?post_type=product&#038;p=9663"},"modified":"2025-05-02T11:26:31","modified_gmt":"2025-05-02T09:26:31","slug":"relastan-crema-ridensificante-elasticizzante","status":"publish","type":"product","link":"https:\/\/www.texia.eu\/en\/prodotti-dermatologici\/relastan-crema-ridensificante-elasticizzante\/","title":{"rendered":"Relastan crema ridensificante elasticizzante 200 ml"},"content":{"rendered":"<p><img loading=\"lazy\" class=\" wp-image-11620 alignleft\" src=\"https:\/\/www.texia.eu\/wp-content\/uploads\/2020\/09\/RELASTAN-mezzo-291x300.jpg\" alt=\"\" width=\"446\" height=\"460\" srcset=\"https:\/\/www.texia.eu\/wp-content\/uploads\/2020\/09\/RELASTAN-mezzo-291x300.jpg 291w, https:\/\/www.texia.eu\/wp-content\/uploads\/2020\/09\/RELASTAN-mezzo-993x1024.jpg 993w, https:\/\/www.texia.eu\/wp-content\/uploads\/2020\/09\/RELASTAN-mezzo-768x792.jpg 768w, https:\/\/www.texia.eu\/wp-content\/uploads\/2020\/09\/RELASTAN-mezzo-1489x1536.jpg 1489w, https:\/\/www.texia.eu\/wp-content\/uploads\/2020\/09\/RELASTAN-mezzo-12x12.jpg 12w, https:\/\/www.texia.eu\/wp-content\/uploads\/2020\/09\/RELASTAN-mezzo-700x722.jpg 700w, https:\/\/www.texia.eu\/wp-content\/uploads\/2020\/09\/RELASTAN-mezzo.jpg 1748w\" sizes=\"(max-width: 446px) 100vw, 446px\" \/><\/p>\n<p><strong>RELASTAN, BALSAMO INTENSIVO ELASTICIZZANTE, RIDENSIFICANTE<\/strong><\/p>\n<p><strong>Caratteristiche:\u00a0<\/strong>crema elasticizzante intensiva ideata per contrastare i primi segni della fragilit\u00e0 e del rilassamento. Assicura un progressivo miglioramento della densit\u00e0 e elasticit\u00e0 cutanea.<\/p>\n<p><strong>Nutriente:<\/strong> rende subito la pelle pi\u00f9 elastica e compatta, grazie ad una formulazione ricca in lipidi protettivi e strutturanti come il Burro di Karit\u00e9, l&#8217;olio di Rosa Mosqueta e l&#8217;olio di Avocado.<\/p>\n<p><strong>Restitutiva:\u00a0<\/strong>con Fosfolipidi e Ceramidi favorisce la produzione del cemento intercorneocitario; rende subito l&#8217;epidermide pi\u00f9 elastica e compatta.<\/p>\n<p><strong>Lenitiva:\u00a0<\/strong>con beta-Sitosterolo e Pantenolo, dimostra pronta azione calmante; dona immediato sollievo. Dalla ricca texture lascia la pelle morbida e vellutata.<\/p>\n<p><strong>Elasticizzante:\u00a0<\/strong>formula ricca e innovativa L-lisina; l&#8217;Esperidina e gli estratti di Boswelia ed Echinacea stimolano la produzione endogena di fibre elastiche, collagene ed acido jaluronico per un&#8217;energica azione ridensificante.<\/p>\n<p><strong>Indicazioni:\u00a0<\/strong>balsamo intensivo con spiccato effetto elasticizzante e ristrutturante per la ridensificazione quotidiana della pelle molto fragile, sottile e soggetta a rilassamento. Ottima veicolazione dei suoi numerosi attivi con rapido aumento della densit\u00e0 cutanea.<\/p>\n<p><strong>Consigli d&#8217;uso:\u00a0<\/strong>applicare la sera o dopo la doccia, anche pi\u00f9 volte al giorno in funzione del grado di fragilit\u00e0 e rilassamento della pelle. Massaggiate fino a completo assorbimento. Gradevole da applicare, pu\u00f2 essere impiegata in modo continuativo soprattutto nei soggetti con forti variazioni ponderali e nei fenomeni di senescenza.<\/p>\n<p><img loading=\"lazy\" class=\" wp-image-11623 aligncenter\" src=\"https:\/\/www.texia.eu\/wp-content\/uploads\/2020\/09\/RELASTAN-B-213x300.jpg\" alt=\"\" width=\"356\" height=\"501\" srcset=\"https:\/\/www.texia.eu\/wp-content\/uploads\/2020\/09\/RELASTAN-B-213x300.jpg 213w, https:\/\/www.texia.eu\/wp-content\/uploads\/2020\/09\/RELASTAN-B-726x1024.jpg 726w, https:\/\/www.texia.eu\/wp-content\/uploads\/2020\/09\/RELASTAN-B-768x1084.jpg 768w, https:\/\/www.texia.eu\/wp-content\/uploads\/2020\/09\/RELASTAN-B-1451x2048.jpg 1451w, https:\/\/www.texia.eu\/wp-content\/uploads\/2020\/09\/RELASTAN-B-9x12.jpg 9w, https:\/\/www.texia.eu\/wp-content\/uploads\/2020\/09\/RELASTAN-B-700x988.jpg 700w, https:\/\/www.texia.eu\/wp-content\/uploads\/2020\/09\/RELASTAN-B.jpg 1772w\" sizes=\"(max-width: 356px) 100vw, 356px\" \/><\/p>\n<p>In vendita in Farmacia, Parafarmacia, farmacie online e sulla piattaforma Amazon.it \u2013 tutti i prodotti vengono venduti con un sigillo olografico di controllo.<\/p>\n<p>Articolo Pubblicato:<\/p>\n<blockquote class=\"wp-embedded-content\" data-secret=\"7C6nhlbK1o\"><p><a href=\"https:\/\/www.texia.eu\/dermatite-seborroica-sporax-a-potent-cocktail-of-clotrimazole-ciclopiroxolamine-zinc-ion-and-tridecyl-salycilate-is-capable-to-struggle-radically-the-pityriasis-versicolor-even-the-repetitive-2\/\">[RELASTAN] &#8211; The Dame Blanche\u2019s balm based on the Hangman\u2019s ointment behaves as a occlusive bandage on d\u00e9collet\u00e9e skin in man and woman to avoid evaporation and maintain a hydrated epidermis.<\/a><\/p><\/blockquote>\n<p><iframe class=\"wp-embedded-content\" sandbox=\"allow-scripts\" security=\"restricted\" style=\"position: absolute; clip: rect(1px, 1px, 1px, 1px);\" title=\"&#8220;[RELASTAN] &#8211; The Dame Blanche\u2019s balm based on the Hangman\u2019s ointment behaves as a occlusive bandage on d\u00e9collet\u00e9e skin in man and woman to avoid evaporation and maintain a hydrated epidermis.&#8221; &#8212; Texia Innovazione Dermatologica\" src=\"https:\/\/www.texia.eu\/dermatite-seborroica-sporax-a-potent-cocktail-of-clotrimazole-ciclopiroxolamine-zinc-ion-and-tridecyl-salycilate-is-capable-to-struggle-radically-the-pityriasis-versicolor-even-the-repetitive-2\/embed\/#?secret=7C6nhlbK1o\" data-secret=\"7C6nhlbK1o\" width=\"600\" height=\"338\" frameborder=\"0\" marginwidth=\"0\" marginheight=\"0\" scrolling=\"no\"><\/iframe><\/p>\n","protected":false},"excerpt":{"rendered":"<p>Ridensificante elasticizzante collo, d\u00e9collet\u00e9, aree soggette a rilassamento<\/p>","protected":false},"featured_media":11622,"comment_status":"open","ping_status":"closed","template":"","meta":[],"aioseo_notices":[],"acf":[],"_links":{"self":[{"href":"https:\/\/www.texia.eu\/en\/wp-json\/wp\/v2\/product\/9663"}],"collection":[{"href":"https:\/\/www.texia.eu\/en\/wp-json\/wp\/v2\/product"}],"about":[{"href":"https:\/\/www.texia.eu\/en\/wp-json\/wp\/v2\/types\/product"}],"replies":[{"embeddable":true,"href":"https:\/\/www.texia.eu\/en\/wp-json\/wp\/v2\/comments?post=9663"}],"wp:featuredmedia":[{"embeddable":true,"href":"https:\/\/www.texia.eu\/en\/wp-json\/wp\/v2\/media\/11622"}],"wp:attachment":[{"href":"https:\/\/www.texia.eu\/en\/wp-json\/wp\/v2\/media?parent=9663"}],"curies":[{"name":"wp","href":"https:\/\/api.w.org\/{rel}","templated":true}]}}