{"id":9671,"date":"2020-09-01T16:08:42","date_gmt":"2020-09-01T14:08:42","guid":{"rendered":"http:\/\/localhost\/projects\/iostoacasa\/?post_type=product&#038;p=9671"},"modified":"2025-09-24T19:14:36","modified_gmt":"2025-09-24T17:14:36","slug":"ceratum-lipocrema-emolliente-lenitiva-e-protettiva-50ml","status":"publish","type":"product","link":"https:\/\/www.texia.eu\/en\/prodotti-dermatologici\/ceratum-lipocrema-emolliente-lenitiva-e-protettiva-50ml\/","title":{"rendered":"Ceratum lipocrema emolliente lenitiva e protettiva 50ml"},"content":{"rendered":"<p><strong>Caratteristiche:\u00a0<\/strong>specificatamente ideata per pelli sensibili, intolleranti, reattive; \u00e8 una formulazione estremamente nutriente e protettiva che propone un mix di principi con molteplici funzionalit\u00e0.<\/p>\n<p><strong>Protettiva:\u00a0<\/strong>strutturante e ad elevato contenuto lipidico. Riduce la disidratazione epidermica e protegge dagli agenti fisici. Nutriente, rende subito la pelle pi\u00f9 morbida.<\/p>\n<p><strong>Riequilibrante:\u00a0<\/strong>formulazione con Ceramide, Burro di Karit\u00e9 ed Olio di Jojoba; migliora la barriera e la compattezza epidermica.<\/p>\n<p><strong>Antireattiva:\u00a0<\/strong>con importanti antireattivi (Pantenolo e Bisabololo), in elevata concentrazione per una pronta azione calmante e un prolungato controllo dei fenomeni reattivi.<\/p>\n<p><strong>Tollerabile:\u00a0<\/strong>formula ipoallergenica con principi selezionati per tollerabilit\u00e0 ed efficacia. Particolarmente adatto su aree screpolate e facilmente irritabili (viso, labbra, aree intime delicate e in genere soggette a disseccamento e screpolature).<\/p>\n<p><strong>Propriet\u00e0:\u00a0<\/strong>formula nutriente concentrata; coadiuvante intensivo per la pelle molto sensibile, delicata, soggetta a screpolature e facile disseccamento. Dalla texture molto ricca e protettiva, calma, lenisce, protegge; lascia la pelle morbida ed elastica.<br \/>\nElevatissimo contenuto lipidico.<\/p>\n<p><strong>Consigli d&#8217;uso:\u00a0<\/strong>pulite con detergente delicato ed applicate con un leggero massaggio sulle aree interessate; ripetete 1 a 2 volte al giorno fino a completo miglioramento.<br \/>\nNelle condizioni pi\u00f9 impegnative, pu\u00f2 essere affiancato a trattamenti farmacologici specifici per migliorarne la tollerabilit\u00e0. Si osservono ottimi risultati gi\u00e0 dalle prime applicazioni, con progressivi miglioramenti.<\/p>","protected":false},"excerpt":{"rendered":"<p>Lipocrema nutriente e riepitilizzante, Ultra-protettiva<\/p>","protected":false},"featured_media":9688,"comment_status":"open","ping_status":"closed","template":"","meta":[],"aioseo_notices":[],"acf":[],"_links":{"self":[{"href":"https:\/\/www.texia.eu\/en\/wp-json\/wp\/v2\/product\/9671"}],"collection":[{"href":"https:\/\/www.texia.eu\/en\/wp-json\/wp\/v2\/product"}],"about":[{"href":"https:\/\/www.texia.eu\/en\/wp-json\/wp\/v2\/types\/product"}],"replies":[{"embeddable":true,"href":"https:\/\/www.texia.eu\/en\/wp-json\/wp\/v2\/comments?post=9671"}],"wp:featuredmedia":[{"embeddable":true,"href":"https:\/\/www.texia.eu\/en\/wp-json\/wp\/v2\/media\/9688"}],"wp:attachment":[{"href":"https:\/\/www.texia.eu\/en\/wp-json\/wp\/v2\/media?parent=9671"}],"curies":[{"name":"wp","href":"https:\/\/api.w.org\/{rel}","templated":true}]}}